{"id":9669,"date":"2023-04-30T17:47:15","date_gmt":"2023-04-30T15:47:15","guid":{"rendered":"https:\/\/www.brugghof-schnalstal.it\/credits\/"},"modified":"2023-09-13T16:44:24","modified_gmt":"2023-09-13T14:44:24","slug":"credits","status":"publish","type":"page","link":"https:\/\/www.brugghof-schnalstal.it\/it\/credits\/","title":{"rendered":"Credits"},"content":{"rendered":"<p>[et_pb_section fb_built=&#8221;1&#8243; fullwidth=&#8221;on&#8221; _builder_version=&#8221;4.21.0&#8243; _module_preset=&#8221;default&#8221; background_color=&#8221;#232323&#8243; background_enable_image=&#8221;off&#8221; da_disable_devices=&#8221;off|off|off&#8221; global_colors_info=&#8221;{}&#8221; da_is_popup=&#8221;off&#8221; da_exit_intent=&#8221;off&#8221; da_has_close=&#8221;on&#8221; da_alt_close=&#8221;off&#8221; da_dark_close=&#8221;off&#8221; da_not_modal=&#8221;on&#8221; da_is_singular=&#8221;off&#8221; da_with_loader=&#8221;off&#8221; da_has_shadow=&#8221;on&#8221;][et_pb_fullwidth_header title=&#8221;Credits&#8221; _builder_version=&#8221;4.21.0&#8243; _module_preset=&#8221;default&#8221; title_font=&#8221;Georgia Font||||||||&#8221; title_font_size=&#8221;25px&#8221; content_font=&#8221;Source Sans Pro||||||||&#8221; content_text_color=&#8221;#FFFFFF&#8221; content_link_font=&#8221;Source Sans Pro||||||||&#8221; content_link_text_color=&#8221;#FFFFFF&#8221; width=&#8221;100%&#8221; hover_enabled=&#8221;0&#8243; global_colors_info=&#8221;{}&#8221; content_font_last_edited=&#8221;on|phone&#8221; content_max_width_last_edited=&#8221;on|phone&#8221; content_max_width_phone=&#8221;100%&#8221; sticky_enabled=&#8221;0&#8243; content_font_tablet=&#8221;Source Sans Pro||||||||&#8221; content_font_phone=&#8221;Source Sans Pro||||||||&#8221;]<\/p>\n<h4 class=\"p1\">\u00a0<\/h4>\n<h4 class=\"p1\">\u00a0<\/h4>\n<h4 class=\"p1\">\u00a0<\/h4>\n<h4 class=\"p1\">\u00a0<\/h4>\n<h4 class=\"p1\">Committente e responsabile per i contenuti:<\/h4>\n<p>&nbsp;<\/p>\n<p class=\"p1\">Nischler Peter<\/p>\n<p class=\"p1\">Ausser Brugghof Schnals<\/p>\n<p class=\"p1\">Katharinaberg 30 \/ 39020 Schnals, BZ<\/p>\n<p class=\"p1\">Cod.fisc. NSCPTR74L16F132N<\/p>\n<p class=\"p1\">P.IVA. IT01676080219<\/p>\n<p class=\"p1\">E-Mail:\u00a0<a href=\"mailto:info@brugghof-schnalstal.it\">info@brugghof-schnalstal.it<\/a><\/p>\n<p class=\"p1\">PEC-Mail:<a href=\"mailto:peter.nischler@pec.sbb.it\"> peter.nischler@pec.sbb.it<\/a><\/p>\n<p class=\"p1\">Tel. +39 366 935 00 55<\/p>\n<p class=\"p1\">Iscizione al registro della Camera di Commercio di Bolzano REA Nr. BZ \u2013 227149<\/p>\n<p>&nbsp;<\/p>\n<h4 class=\"p1\">\u00a0<\/h4>\n<h4 class=\"p1\">\u00a0<\/h4>\n<h4 class=\"p1\">\u00a0<\/h4>\n<h4 class=\"p1\">\u00a0<\/h4>\n<h4 class=\"p1\">Concezione, design e programmazione:<\/h4>\n<p class=\"p1\">Unikum Design<\/p>\n<p class=\"p1\"><a href=\"http:\/\/www.unikum-design.com\">www.unikum-design.com<\/a><br \/><a href=\"mailto:info@unikum-design.com\">info@unikum-design.com<\/a><\/p>\n<p>&nbsp;<\/p>\n<p>&nbsp;<\/p>\n<h4 class=\"p2\">Contenuto<\/h4>\n<p class=\"p2\">I contenuti e le informazioni presenti su questo sito Web sono stati da noi accuratamente controllati. Ci\u00f2 nonostante non ci assumiamo alcuna responsabilit\u00e0 n\u00e9 forniamo garanzie circa la loro esattezza e completezza. Ci riserviamo il diritto di aggiornare, modificare o integrare senza preavviso le informazioni messe a disposizione.<\/p>\n<p>&nbsp;<\/p>\n<h4 class=\"p2\">SSL-codifica<\/h4>\n<p class=\"p2\">Questo sito utilizza la crittografia SSL per motivi di sicurezza e per la protezione della trasmissione di contenuti riservati, come le richieste inviate a noi come operatore del sito. Una connessione crittografata indica che la linea di indirizzo del browser cambia da \u201chttp\u201d a \u201chttps\u201d e dall\u2019icona di blocco nella linea del browser.<br \/>\nSe la crittografia SSL \u00e8 attivata, i dati che ci trasferiscono non possono essere letti da terzi.\n<\/p>\n<p>&nbsp;<\/p>\n<h4 class=\"p2\">Copyright (diritto d&#8217;autore e dei segni distintivi)<\/h4>\n<p class=\"p2\">Il contenuto di questo sito Web \u00e8 protetto da copyright e non pu\u00f2 essere riprodotto o utilizzato in altre pubblicazioni stampate o elettroniche senza la nostra espressa autorizzazione.<\/p>\n<p>&nbsp;<\/p>\n<h4 class=\"p2\">Risoluzione delle controversie online (ODR)<\/h4>\n<p class=\"p2\">Informazione obbligatoria ai sensi del Regolamento UE n. 524\/2016 del Parlamento europeo e del Consiglio Piattaforma per la risoluzione delle controversie online dei consumatori (ODR) della Commissione europea: https:\/\/www.ec.europa.eu\/consumers\/odr<\/a><\/p>\n<p>&nbsp;<\/p>\n<h4 class=\"p2\">Google Fonts<\/h4>\n<p class=\"p2\">Integriamo i font (\u201cGoogle Fonts\u201d) del provider Google LLC, 1600 Amphitheatre Parkway, Mountain View, CA 94043, USA. Informativa sulla privacy: https:\/\/www.google.com\/policies\/privacy\/, Opt-Out: https:\/\/adssettings.google.com\/authenticated<\/a><span class=\"s1\">,<br \/>Opt<\/span><span class=\"s1\">Out:\u00a0<\/span><a href=\"https:\/\/adssettings.google.com\/authenticated\">https:\/\/adssettings.google.com\/authenticated<\/a><span class=\"s1\">.<\/span><\/p>\n<p>&nbsp;<\/p>\n<h4>Google reCAPTCHA<\/h4>\n<p>Questo sito web utilizza il servizio reCAPTCHA di Google, che consente di distinguere gli esseri umani dalle macchine per evitare l&#8217;uso improprio dei moduli da parte dei bot di spam. L&#8217;algoritmo dello strumento reCAPTCHA pu\u00f2 utilizzare i cookie e altre informazioni come l&#8217;indirizzo IP, la data, l&#8217;ora, la lingua, la risoluzione e le dimensioni dello schermo e i movimenti del mouse sulla pagina. I dati possono essere elaborati negli Stati Uniti.\n<\/p>\n<p class=\"p3\"><span class=\"s1\">Informativa sulla privacy:\u00a0<\/span><a href=\"https:\/\/www.google.com\/policies\/privacy\">https:\/\/www.google.com\/policies\/privacy\/<\/a><span class=\"s1\">,\u00a0<\/span><\/p>\n<p class=\"p3\"><span class=\"s1\">Opt<\/span><span class=\"s1\">Out:\u00a0<\/span><a href=\"https:\/\/adssettings.google.com\/authenticated\">https:\/\/adssettings.google.com\/authenticated<\/a><span class=\"s1\">.<\/span><\/p>\n<h4 class=\"p2\">\u00a0<\/h4>\n<h4 class=\"p2\">\u00a0<\/h4>\n<h4 class=\"p2\">\u00a0<\/h4>\n<h4 class=\"p2\">Rimandi e link<\/h4>\n<p class=\"p2\">Non ci assumiamo alcuna responsabilit\u00e0 per i contenuti dei link esterni. La responsabilit\u00e0 per il contenuto delle pagine visitabili tramite i link \u00e8 esclusivamente dei gestori delle pagine.<\/p>\n<p class=\"p2\">Prendiamo espressamente le distanze dalle opinioni espresse in queste pagine, che possono non corrispondere sempre alla nostra opinione.<\/p>\n<p>&nbsp;<\/p>\n<h4 class=\"p2\">Validit\u00e0 giuridica<\/h4>\n<p class=\"p2\">Qualora parti o singole formulazioni del presente testo non corrispondano, non corrispondano pi\u00f9 o non corrispondano integralmente alla vigente situazione giuridica, restano comunque immutati il contenuto e la validit\u00e0 delle altre parti del documento. Dall\u2019uso del sito Web non deriva alcun diritto n\u00e9 alcun contratto. Le controversie giuridiche sono risolte presso il Tribunale per noi competente.<\/p>\n<p>&nbsp;<\/p>\n<h4 class=\"p2\">Video, musica &#038; immagini<\/h4>\n<p class=\"p2\">\u00a9 Pexels.com, Ausser Brugghof, Tourismusverein Schnalstal, Gemeinde Schnals, Alpenfein, Alex Filz, Peter Santer, Thomas Gr\u00fcner, Andrea Nischler, Berglouter, Martin Rattini, Gudrun Muschalla<\/p>\n<p>&nbsp;<\/p>\n<p>&nbsp;<\/p>\n<p>&nbsp;<\/p>\n<p>&nbsp;<\/p>\n<h4><a href=\"https:\/\/www.brugghof-schnalstal.it\/it\/\">Torna alla pagina iniziale<\/a><\/h4>\n<p>[\/et_pb_fullwidth_header][\/et_pb_section]<\/p>\n","protected":false},"excerpt":{"rendered":"<p>\u00a0 \u00a0 \u00a0 \u00a0 Committente e responsabile per i contenuti: &nbsp; Nischler Peter Ausser Brugghof Schnals Katharinaberg 30 \/ 39020 Schnals, BZ Cod.fisc. NSCPTR74L16F132N P.IVA. IT01676080219 E-Mail:\u00a0info@brugghof-schnalstal.it PEC-Mail: peter.nischler@pec.sbb.it Tel. +39 366 935 00 55 Iscizione al registro della Camera di Commercio di Bolzano REA Nr. BZ \u2013 227149 &nbsp; \u00a0 \u00a0 \u00a0 \u00a0 Concezione, [&hellip;]<\/p>\n","protected":false},"author":1,"featured_media":0,"parent":0,"menu_order":0,"comment_status":"closed","ping_status":"closed","template":"","meta":{"_et_pb_use_builder":"on","_et_pb_old_content":"","_et_gb_content_width":"","footnotes":""},"class_list":["post-9669","page","type-page","status-publish","hentry"],"_links":{"self":[{"href":"https:\/\/www.brugghof-schnalstal.it\/it\/wp-json\/wp\/v2\/pages\/9669","targetHints":{"allow":["GET"]}}],"collection":[{"href":"https:\/\/www.brugghof-schnalstal.it\/it\/wp-json\/wp\/v2\/pages"}],"about":[{"href":"https:\/\/www.brugghof-schnalstal.it\/it\/wp-json\/wp\/v2\/types\/page"}],"author":[{"embeddable":true,"href":"https:\/\/www.brugghof-schnalstal.it\/it\/wp-json\/wp\/v2\/users\/1"}],"replies":[{"embeddable":true,"href":"https:\/\/www.brugghof-schnalstal.it\/it\/wp-json\/wp\/v2\/comments?post=9669"}],"version-history":[{"count":8,"href":"https:\/\/www.brugghof-schnalstal.it\/it\/wp-json\/wp\/v2\/pages\/9669\/revisions"}],"predecessor-version":[{"id":9678,"href":"https:\/\/www.brugghof-schnalstal.it\/it\/wp-json\/wp\/v2\/pages\/9669\/revisions\/9678"}],"wp:attachment":[{"href":"https:\/\/www.brugghof-schnalstal.it\/it\/wp-json\/wp\/v2\/media?parent=9669"}],"curies":[{"name":"wp","href":"https:\/\/api.w.org\/{rel}","templated":true}]}}