{"id":9692,"date":"2023-04-30T17:47:29","date_gmt":"2023-04-30T15:47:29","guid":{"rendered":"https:\/\/www.brugghof-schnalstal.it\/informativa-sulla-privacy\/"},"modified":"2023-09-13T17:22:12","modified_gmt":"2023-09-13T15:22:12","slug":"informativa-sulla-privacy","status":"publish","type":"page","link":"https:\/\/www.brugghof-schnalstal.it\/it\/informativa-sulla-privacy\/","title":{"rendered":"Informativa sulla privacy"},"content":{"rendered":"<p>[et_pb_section fb_built=&#8221;1&#8243; fullwidth=&#8221;on&#8221; _builder_version=&#8221;4.21.0&#8243; _module_preset=&#8221;default&#8221; background_color=&#8221;#232323&#8243; background_enable_image=&#8221;off&#8221; global_colors_info=&#8221;{}&#8221; da_is_popup=&#8221;off&#8221; da_exit_intent=&#8221;off&#8221; da_has_close=&#8221;on&#8221; da_alt_close=&#8221;off&#8221; da_dark_close=&#8221;off&#8221; da_not_modal=&#8221;on&#8221; da_is_singular=&#8221;off&#8221; da_with_loader=&#8221;off&#8221; da_has_shadow=&#8221;on&#8221; da_disable_devices=&#8221;off|off|off&#8221;][et_pb_fullwidth_header title=&#8221;Informativa sulla privacy&#8221; _builder_version=&#8221;4.21.0&#8243; _module_preset=&#8221;default&#8221; title_font=&#8221;Georgia Font||||||||&#8221; title_font_size=&#8221;25px&#8221; content_font=&#8221;Source Sans Pro||||||||&#8221; content_text_color=&#8221;#FFFFFF&#8221; content_link_font=&#8221;Source Sans Pro||||||||&#8221; content_link_text_color=&#8221;#FFFFFF&#8221; width=&#8221;100%&#8221; hover_enabled=&#8221;0&#8243; global_colors_info=&#8221;{}&#8221; content_max_width_last_edited=&#8221;on|phone&#8221; content_max_width_phone=&#8221;100%&#8221; sticky_enabled=&#8221;0&#8243;]<\/p>\n<h4 class=\"p1\">\u00a0<\/h4>\n<h4 class=\"p1\">\u00a0<\/h4>\n<h4 class=\"p1\">\u00a0<\/h4>\n<h4 class=\"p1\">\u00a0<\/h4>\n<h4 class=\"p1\">INFORMATIVA ALLA PRIVACY POLICY \u2013 PRIVACY POLICY<\/h4>\n<p>&nbsp;<\/p>\n<p class=\"p2\">La societ\u00e0 Ausser Brugghof di Nischler Peter, con sede legale in 39020 Schnals (BZ), Katharinaberg 30, in qualit\u00e0 di titolare del trattamento (in seguito, \u201cTitolare\u201d), La informa ai sensi dell\u2019art. 13 Regolamento UE n. 2016\/679 (in seguito, \u201cGDPR\u201d) che i Suoi dati saranno trattati con le modalit\u00e0 e per le finalit\u00e0 seguenti:<\/p>\n<p>&nbsp;<\/p>\n<h4 class=\"p1\">1. Oggetto del trattamento<\/h4>\n<p class=\"p2\">Il Titolare tratta i dati personali identificativi (ad esempio, nome, cognome, ragione sociale, indirizzo, telefono, cellulare, numero fax, e-mail, PEC.email, codice-SDI, codice fisciale, partita iva, riferimenti bancari e di pagamento \u2013 in seguito \u201cdati personali\u201d o anche \u201cdati\u201d) da Lei comunicati in occasione della definizione di contratti per i prodotti\/servizi del Titolare.<\/p>\n<p>&nbsp;<\/p>\n<h4 class=\"p1\">2. Finalit\u00e0 del trattamento<\/h4>\n<p class=\"p2\">I Suoi dati personali sono trattati:<\/p>\n<ol>\n<li><strong>A)<\/strong> ai sensi dell\u2019art. 6 lett. b) e c) GDPR, per le seguenti Finalit\u00e0:<br \/>\u2013 esecuzione dell\u2019oggetto del rapporto contrattuale cui Lei \u00e8 parte o esecuzione di misure precontrattuali adottate su Sua richiesta;<\/li>\n<\/ol>\n<p>\u2013 adempimento degli obblighi precontrattuali, contrattuali e fiscali derivanti da rapporti con Lei in essere;<\/p>\n<p>\u2013 adempimento degli obblighi previsti dalla legge, da un regolamento, dalla normativa comunitaria o da un ordine dell\u2019Autorit\u00e0 (come ad esempio in materia di antiriciclaggio);<\/p>\n<p>\u2013 esercizio dei diritti del <strong>Titolare<\/strong>, ad esempio il diritto di difesa in giudizio;<\/p>\n<p>&nbsp;<\/p>\n<p>Le segnaliamo che se Lei \u00e8 gi\u00e0 nostro cliente, potremo inviarLe comunicazioni commerciali relative a prodotti\/servizi del <strong>Titolare<\/strong>, omologhi a quelli gi\u00e0 da Lei acquistati dalla ns. societ\u00e0, attraverso un precedente rapporto commerciale, salvo Suo dissenso.<\/p>\n<p><strong>B)<\/strong> Solo previo Suo specifico e distinto consenso (art. 7 GDPR), per le seguenti finalit\u00e0 di Marketing:<br \/>\u2013 inviarLe via newsletter, e-mail, posta e\/o sms, Facebook Messenger, Instagram, LinkedIn Messenger, WhatsApp Messenger e\/o contatti telefonici, comunicazioni commerciali e\/o materiale pubblicitario su prodotti\/servizi offerti dal <strong>Titolare<\/strong> e rilevazione del grado di soddisfazione sulla qualit\u00e0 dei prodotti\/servizi;<\/p>\n<p>&nbsp;<\/p>\n<h4>3. Modalit\u00e0 di trattamento<\/h4>\n<p>Il trattamento dei Suoi dati personali avviene per mezzo delle operazioni indicate all\u2019art. 4 n. 2) GDPR e precisamente: raccolta, registrazione, organizzazione, conservazione, consultazione, elaborazione, modificazione, selezione, estrazione, raffronto, utilizzo, interconnessione, blocco, comunicazione, cancellazione e distruzione dei dati. I Suoi dati personali sono sottoposti a trattamento sia cartaceo che elettronico e\/o automatizzato.<\/p>\n<p>&nbsp;<\/p>\n<p>Il <strong>Titolare<\/strong> tratter\u00e0 i dati personali per il tempo necessario per adempiere alle finalit\u00e0 di cui sopra e comunque per non oltre 10 anni dalla cessazione del rapporto per le Finalit\u00e0 indicate e per non oltre 3 anni dalla raccolta dei dati per le Finalit\u00e0 di Marketing.<\/p>\n<p>&nbsp;<\/p>\n<h4 class=\"p1\">4. Accesso ai dati<\/h4>\n<p>I Suoi dati potranno essere resi accessibili per le finalit\u00e0 di cui all\u2019art. 2.A) e 2.B):<\/p>\n<p>\u2013 a dipendenti e collaboratori del <strong>Titolare<\/strong> in Italia e all\u2019estero, nella loro qualit\u00e0 di autorizzati e\/o referenti interni del trattamento e\/o amministratori di sistema;<\/p>\n<p>\u2013 a societ\u00e0 terze o altri soggetti (a titolo indicativo, istituti di credito, studi professionali, consulenti, societ\u00e0 di assicurazione per la prestazione di servizi assicurativi, etc.) che svolgono attivit\u00e0 in outsourcing per conto del <strong>Titolar<\/strong>e, nella loro qualit\u00e0 di responsabili esterni del trattamento.<\/p>\n<p>&nbsp;<\/p>\n<h4 class=\"p1\">5. Comunicazione dei dati<\/h4>\n<p>Senza la necessit\u00e0 di un espresso consenso (ex art. 6 lett. b) e c) GDPR), il <strong>Titolare<\/strong> potr\u00e0 comunicare i Suoi dati per le finalit\u00e0 di cui all\u2019art. 2.A) a Organismi di vigilanza, Autorit\u00e0 giudiziarie, a societ\u00e0 di assicurazione per la prestazione di servizi assicurativi, nonch\u00e9 a quei soggetti ai quali la comunicazione sia obbligatoria per legge per l\u2019espletamento delle finalit\u00e0 dette. Detti soggetti tratteranno i dati nella loro qualit\u00e0 di autonomi titolari del trattamento.<\/p>\n<p class=\"p1\">I Suoi dati non saranno diffusi.<\/p>\n<p>&nbsp;<\/p>\n<h4 class=\"p1\">6. Trasferimento dati<\/h4>\n<p class=\"p1\">I dati personali saranno trattati sia su supporto cartaceo che elettronico e\/o automatizzato presso la sede legale del titolare, e conservati all&#8217;interno dell&#8217;Unione Europea. I dati personali che ci pervengono via e-mail o tramite il modulo di contatto sul nostro sito web vengono memorizzati sui server di Aruba S.P.A. ad Arezzo, Roma e Milano (Italia) all&#8217;interno dell&#8217;Unione Europea. I dati personali che ci pervengono via posta PEC saranno conservati sui server di Aruba S.P.A. ad Arezzo, Roma e Milano (Italia) all&#8217;interno dell&#8217;Unione Europea.<\/p>\n<p>&nbsp;<\/p>\n<h4 class=\"p1\">7. Natura del conferimento dei dati e conseguenze del rifiuto di rispondere<\/h4>\n<p>Il conferimento dei dati per le finalit\u00e0 di cui all\u2019art. 2.A) \u00e8 obbligatorio. In loro assenza, non potremo garantirle l\u2019esecuzione del contratto di cui all\u2019art. 2.A).<\/p>\n<p>Il conferimento dei dati per le finalit\u00e0 di cui all\u2019art. 2.B) \u00e8 invece facoltativo. Pu\u00f2 quindi decidere di non conferire alcun dato o di negare successivamente la possibilit\u00e0 di trattare dati gi\u00e0 forniti: in tal caso, non potr\u00e0 ricevere newsletter, comunicazioni commerciali e materiale pubblicitario inerenti ai Prodotti\/Servizi offerti dal <strong>Titolare<\/strong>. Continuer\u00e0 comunque ad avere diritto ai Prodotti\/Servizi di cui all\u2019art. 2.A).<\/p>\n<p>&nbsp;<\/p>\n<h4 class=\"p1\">8. Diritti dell\u2019interessato<\/h4>\n<p>Nella Sua qualit\u00e0 di interessato, gode dei diritti di cui all\u2019 art. 15 GDPR e precisamente i diritti di:<\/p>\n<ol>\n<li>ottenere la conferma dell\u2019esistenza o meno di dati personali che La riguardano, anche se non ancora registrati, e la loro comunicazione in forma intelligibile;<\/li>\n<li>ottenere l\u2019indicazione: a) dell\u2019origine dei dati personali; b) delle finalit\u00e0 e modalit\u00e0 del trattamento; c) della logica applicata in caso di trattamento effettuato con l\u2019ausilio di strumenti elettronici; d) degli estremi identificativi del <strong>titolare<\/strong>, dei<br \/>responsabili e del rappresentante designato ai sensi dell\u2019art. 3, comma 1, GDPR; e) dei soggetti o delle categorie di soggetti ai quali i dati personali possono essere comunicati o che possono venirne a conoscenza in qualit\u00e0 di rappresentante designato nel territorio dello Stato, di designati o autorizzati;<\/li>\n<\/ol>\n<p>&nbsp;<\/p>\n<ol start=\"3\">\n<li>ottenere: a) l\u2019aggiornamento, la rettificazione ovvero, quando vi ha interesse, l\u2019integrazione dei dati; b) la cancellazione, la trasformazione in forma anonima o il blocco dei dati trattati in violazione di legge, compresi quelli di cui non \u00e8 necessaria la conservazione in relazione agli scopi per i quali i dati sono stati raccolti o successivamente trattati; c) l\u2019attestazione che le operazioni di cui alle lettere a) e b) sono state portate a conoscenza, anche per quanto riguarda il loro contenuto, di coloro ai quali i dati sono stati comunicati o diffusi, eccettuato il caso in cui tale adempimento si rivela impossibile o comporta un impiego di mezzi manifestamente sproporzionato rispetto al diritto tutelato;<\/li>\n<\/ol>\n<p>&nbsp;<\/p>\n<ol start=\"4\">\n<li>opporsi, in tutto o in parte: a) per motivi legittimi al trattamento dei dati personali che La riguardano, ancorch\u00e9 pertinenti allo scopo della raccolta; b) al trattamento di dati personali che La riguardano a fini di invio di materiale pubblicitario o di vendita diretta o per il compimento di ricerche di mercato o di comunicazione commerciale, mediante e-mail e\/o mediante modalit\u00e0 di marketing tradizionali mediante telefono, WhatsApp Messenger, Facebook Messenger, Instagram, LinkedIn Messenger e\/o posta cartacea.<\/li>\n<\/ol>\n<p>Ove applicabili, ha altres\u00ec i diritti di cui agli artt. 16-21 GDPR (Diritto di rettifica, diritto all\u2019oblio, diritto di limitazione di trattamento, diritto alla portabilit\u00e0 dei dati, diritto di opposizione), nonch\u00e9 il diritto di reclamo all\u2019Autorit\u00e0 Garante.<\/p>\n<p>&nbsp;<\/p>\n<h4 class=\"p1\">9. Modalit\u00e0 di esercizio dei diritti<\/h4>\n<p>Potr\u00e0 in qualsiasi momento esercitare i diritti inviando:<\/p>\n<p>\u2013 una raccomandata a.r. all\u2019indirizzo della sede legale del <strong>titolare<\/strong>;<\/p>\n<p class=\"p1\"><span class=\"s1\">\u2013 una e-mail all\u2019indirizzo <a href=\"mailto:info@brugghof-schnalstal.it\">info@brugghof-schnalstal.it<\/a> o indirizzo email certificato<\/span><span class=\"s1\">\u00a0<a href=\"mailto:peter.nischler@pec.sbb.it\">peter.nischler@pec.sbb.it<\/a><\/span><\/p>\n<p>&nbsp;<\/p>\n<h4 class=\"p1\">10. Titolare, responsabili e autorizzati<\/h4>\n<p class=\"p1\">Il Titolare del trattamento \u00e8 la societ\u00e0 Ausser Brugghof des Nischler Peter, con sede legale in 39020 Schnals (BZ), Katharinaberg 30.<\/p>\n<p class=\"p1\">Il responsabile del trattamento dei dati \u00e8 Nischler Peter.<\/p>\n<p>&nbsp;<\/p>\n<p>&nbsp;<\/p>\n<h4><a href=\"https:\/\/www.brugghof-schnalstal.it\/it\/\">Torna alla pagina iniziale<\/a><\/h4>\n<p>[\/et_pb_fullwidth_header][\/et_pb_section]<\/p>\n","protected":false},"excerpt":{"rendered":"<p>\u00a0 \u00a0 \u00a0 \u00a0 INFORMATIVA ALLA PRIVACY POLICY \u2013 PRIVACY POLICY &nbsp; La societ\u00e0 Ausser Brugghof di Nischler Peter, con sede legale in 39020 Schnals (BZ), Katharinaberg 30, in qualit\u00e0 di titolare del trattamento (in seguito, \u201cTitolare\u201d), La informa ai sensi dell\u2019art. 13 Regolamento UE n. 2016\/679 (in seguito, \u201cGDPR\u201d) che i Suoi dati saranno [&hellip;]<\/p>\n","protected":false},"author":1,"featured_media":0,"parent":0,"menu_order":0,"comment_status":"closed","ping_status":"closed","template":"","meta":{"_et_pb_use_builder":"on","_et_pb_old_content":"","_et_gb_content_width":"","footnotes":""},"class_list":["post-9692","page","type-page","status-publish","hentry"],"_links":{"self":[{"href":"https:\/\/www.brugghof-schnalstal.it\/it\/wp-json\/wp\/v2\/pages\/9692","targetHints":{"allow":["GET"]}}],"collection":[{"href":"https:\/\/www.brugghof-schnalstal.it\/it\/wp-json\/wp\/v2\/pages"}],"about":[{"href":"https:\/\/www.brugghof-schnalstal.it\/it\/wp-json\/wp\/v2\/types\/page"}],"author":[{"embeddable":true,"href":"https:\/\/www.brugghof-schnalstal.it\/it\/wp-json\/wp\/v2\/users\/1"}],"replies":[{"embeddable":true,"href":"https:\/\/www.brugghof-schnalstal.it\/it\/wp-json\/wp\/v2\/comments?post=9692"}],"version-history":[{"count":44,"href":"https:\/\/www.brugghof-schnalstal.it\/it\/wp-json\/wp\/v2\/pages\/9692\/revisions"}],"predecessor-version":[{"id":9741,"href":"https:\/\/www.brugghof-schnalstal.it\/it\/wp-json\/wp\/v2\/pages\/9692\/revisions\/9741"}],"wp:attachment":[{"href":"https:\/\/www.brugghof-schnalstal.it\/it\/wp-json\/wp\/v2\/media?parent=9692"}],"curies":[{"name":"wp","href":"https:\/\/api.w.org\/{rel}","templated":true}]}}